{"id":676,"date":"2020-11-14T21:53:46","date_gmt":"2020-11-14T20:53:46","guid":{"rendered":"http:\/\/espacecocooning.fr\/?page_id=676"},"modified":"2025-09-09T18:49:47","modified_gmt":"2025-09-09T17:49:47","slug":"energetique-reflexologie-plantaire","status":"publish","type":"page","link":"https:\/\/espacecocooning.fr\/?page_id=676","title":{"rendered":"Soins \u00e9nerg\u00e9tiques, R\u00e9flexologie plantaire"},"content":{"rendered":"\n<figure class=\"wp-block-image size-large\"><a href=\"http:\/\/espacecocooning.fr\/wp-content\/uploads\/2025\/09\/2025-tarifs-3-4.png\"><img decoding=\"async\" loading=\"lazy\" width=\"1024\" height=\"724\" src=\"http:\/\/espacecocooning.fr\/wp-content\/uploads\/2025\/09\/2025-tarifs-3-4-1024x724.png\" alt=\"\" class=\"wp-image-908\" srcset=\"https:\/\/espacecocooning.fr\/wp-content\/uploads\/2025\/09\/2025-tarifs-3-4-1024x724.png 1024w, https:\/\/espacecocooning.fr\/wp-content\/uploads\/2025\/09\/2025-tarifs-3-4-300x212.png 300w, https:\/\/espacecocooning.fr\/wp-content\/uploads\/2025\/09\/2025-tarifs-3-4-768x543.png 768w, https:\/\/espacecocooning.fr\/wp-content\/uploads\/2025\/09\/2025-tarifs-3-4.png 1377w\" sizes=\"(max-width: 1024px) 100vw, 1024px\" \/><\/a><\/figure>\n","protected":false},"excerpt":{"rendered":"","protected":false},"author":1,"featured_media":0,"parent":0,"menu_order":0,"comment_status":"closed","ping_status":"closed","template":"template-fullwidth.php","meta":{"_links_to":"","_links_to_target":""},"_links":{"self":[{"href":"https:\/\/espacecocooning.fr\/index.php?rest_route=\/wp\/v2\/pages\/676"}],"collection":[{"href":"https:\/\/espacecocooning.fr\/index.php?rest_route=\/wp\/v2\/pages"}],"about":[{"href":"https:\/\/espacecocooning.fr\/index.php?rest_route=\/wp\/v2\/types\/page"}],"author":[{"embeddable":true,"href":"https:\/\/espacecocooning.fr\/index.php?rest_route=\/wp\/v2\/users\/1"}],"replies":[{"embeddable":true,"href":"https:\/\/espacecocooning.fr\/index.php?rest_route=%2Fwp%2Fv2%2Fcomments&post=676"}],"version-history":[{"count":8,"href":"https:\/\/espacecocooning.fr\/index.php?rest_route=\/wp\/v2\/pages\/676\/revisions"}],"predecessor-version":[{"id":910,"href":"https:\/\/espacecocooning.fr\/index.php?rest_route=\/wp\/v2\/pages\/676\/revisions\/910"}],"wp:attachment":[{"href":"https:\/\/espacecocooning.fr\/index.php?rest_route=%2Fwp%2Fv2%2Fmedia&parent=676"}],"curies":[{"name":"wp","href":"https:\/\/api.w.org\/{rel}","templated":true}]}}