{"id":746,"date":"2020-11-21T12:17:06","date_gmt":"2020-11-21T11:17:06","guid":{"rendered":"http:\/\/espacecocooning.fr\/?page_id=746"},"modified":"2021-12-19T16:49:51","modified_gmt":"2021-12-19T15:49:51","slug":"qui-je-suis","status":"publish","type":"page","link":"https:\/\/espacecocooning.fr\/?page_id=746","title":{"rendered":"Qui je suis"},"content":{"rendered":"\n<p><\/p>\n\n\n\n<div class=\"wp-block-image\"><figure class=\"aligncenter size-full\"><img decoding=\"async\" loading=\"lazy\" width=\"295\" height=\"335\" src=\"http:\/\/espacecocooning.fr\/wp-content\/uploads\/2020\/11\/quijesuis5x6.jpg\" alt=\"\" class=\"wp-image-755\" srcset=\"https:\/\/espacecocooning.fr\/wp-content\/uploads\/2020\/11\/quijesuis5x6.jpg 295w, https:\/\/espacecocooning.fr\/wp-content\/uploads\/2020\/11\/quijesuis5x6-264x300.jpg 264w\" sizes=\"(max-width: 295px) 100vw, 295px\" \/><\/figure><\/div>\n\n\n\n<p>Bonjour. Je me pr\u00e9sente. <br><br>Je suis JO\u00cbLLE, Esth\u00e9ticienne D.E. depuis 32 ann\u00e9es, R\u00e9flexologue depuis 10 ann\u00e9es, \u00e9nerg\u00e9ticienne, cr\u00e9atrice de Beaut\u00e9.<br>ESPACE COCOONING est un lieu authentique, chaleureux, cosy, magique, o\u00f9 il fait bon se retrouver.<br>Respectueuse de l&rsquo;\u00catre dans sa globalit\u00e9, les produits que j&rsquo;utilise sont naturels et BIO, non test\u00e9s sur les animaux.<br><br>Vous \u00eates unique et je le sais.<br>J&rsquo;adore cr\u00e9er des soins ultra-personnalis\u00e9s. De nature passionn\u00e9e, j&rsquo;aime la vie, cultiver le bonheur, partager mon optimisme, exercer mon m\u00e9tier chaque jour. Active, volontaire, toujours pr\u00eate \u00e0 am\u00e9liorer le pr\u00e9sent.<\/p>\n\n\n\n<p>CR\u00c9ATRICE DE BEAUT\u00c9, c&rsquo;est ainsi que je me d\u00e9finis, car je suis en recherche constante de r\u00e9sultats.<br>Mes soins sont un service unique : <br>&#8211; expertise de la beaut\u00e9 au f\u00e9minin<br>&#8211; techniques traditionnelles<br>&#8211; technologies innovantes<br>&#8211; principes actifs naturels utilis\u00e9s. <br><br>J&rsquo;enrichis sans cesse mon savoir et ma pratique : j&rsquo;ai suivi plus de 40 formations certifiantes et reste une lectrice insatiable.<br>Mon exp\u00e9rience, mon expertise sont aujourd&rsquo;hui un atout qui m\u00e9rite votre confiance.<\/p>\n\n\n\n<p>Au plaisir de vous rencontrer.<\/p>\n\n\n\n<p>  <\/p>\n","protected":false},"excerpt":{"rendered":"<p>Bonjour. Je me pr\u00e9sente. Je suis JO\u00cbLLE, Esth\u00e9ticienne D.E. depuis 32 ann\u00e9es, R\u00e9flexologue depuis 10 ann\u00e9es, \u00e9nerg\u00e9ticienne, cr\u00e9atrice de Beaut\u00e9.ESPACE COCOONING est un lieu authentique, chaleureux, cosy, magique, o\u00f9 il fait bon se retrouver.Respectueuse de l&rsquo;\u00catre dans sa globalit\u00e9, les produits que j&rsquo;utilise sont naturels et BIO, non test\u00e9s sur les animaux. Vous \u00eates unique<a href=\"https:\/\/espacecocooning.fr\/?page_id=746\">[&#8230;]<\/a><\/p>\n","protected":false},"author":1,"featured_media":0,"parent":0,"menu_order":0,"comment_status":"closed","ping_status":"closed","template":"template-fullwidth.php","meta":{"_links_to":"","_links_to_target":""},"_links":{"self":[{"href":"https:\/\/espacecocooning.fr\/index.php?rest_route=\/wp\/v2\/pages\/746"}],"collection":[{"href":"https:\/\/espacecocooning.fr\/index.php?rest_route=\/wp\/v2\/pages"}],"about":[{"href":"https:\/\/espacecocooning.fr\/index.php?rest_route=\/wp\/v2\/types\/page"}],"author":[{"embeddable":true,"href":"https:\/\/espacecocooning.fr\/index.php?rest_route=\/wp\/v2\/users\/1"}],"replies":[{"embeddable":true,"href":"https:\/\/espacecocooning.fr\/index.php?rest_route=%2Fwp%2Fv2%2Fcomments&post=746"}],"version-history":[{"count":11,"href":"https:\/\/espacecocooning.fr\/index.php?rest_route=\/wp\/v2\/pages\/746\/revisions"}],"predecessor-version":[{"id":802,"href":"https:\/\/espacecocooning.fr\/index.php?rest_route=\/wp\/v2\/pages\/746\/revisions\/802"}],"wp:attachment":[{"href":"https:\/\/espacecocooning.fr\/index.php?rest_route=%2Fwp%2Fv2%2Fmedia&parent=746"}],"curies":[{"name":"wp","href":"https:\/\/api.w.org\/{rel}","templated":true}]}}