{"id":818,"date":"2022-10-18T14:35:43","date_gmt":"2022-10-18T13:35:43","guid":{"rendered":"http:\/\/espacecocooning.fr\/?page_id=818"},"modified":"2023-04-13T07:51:04","modified_gmt":"2023-04-13T06:51:04","slug":"1-mentions-legales","status":"publish","type":"page","link":"https:\/\/espacecocooning.fr\/?page_id=818","title":{"rendered":"1 &#8211; Mentions l\u00e9gales"},"content":{"rendered":"\n<p><em>Derni\u00e8re mise \u00e0 jour : Janvier 2023<\/em><\/p>\n\n\n\n<p>Sauf disposition contraire, les pr\u00e9sentes mentions l\u00e9gales sont applicables \u00e0 votre navigation sur le site Internet espacecocooning.fr.<\/p>\n\n\n\n<p>Veuillez noter que ce site est exclusivement destin\u00e9 \u00e0 un public fran\u00e7ais et\/ou situ\u00e9 en France.<\/p>\n\n\n\n<p><\/p>\n\n\n\n<p class=\"has-text-align-center\"><strong>EDITEUR \u2013 CONTACT<\/strong><\/p>\n\n\n\n<p>Le site Internet espacecocooning.fr (ci-apr\u00e8s le \u00ab\u00a0Site\u00a0\u00bb) est \u00e9dit\u00e9 par ESPACE COCOONING, Entreprise Individuelle repr\u00e9sent\u00e9e par Madame Jo\u00eblle SERNY-VIDAL : <br>\u2022 N\u00b0 d\u2019immatriculation: 398441766 RCS de Toulouse<br>\u2022 N\u00b0 d\u2019identification fiscale : 1608012288043<br>\u2022 N\u00b0 d&rsquo;inscription au r\u00e9pertoire des m\u00e9tiers : 398441766RM031<br>\u2022 TVA : Entreprise en Franchise de TVA<br>\u2022 N\u00b0 t\u00e9l : +33629746123<br>\u2022 Courriel : joellesernyvidal@gmail.com<br>\u2022 Adresse du si\u00e8ge social : 9, rue d&rsquo;Andorre, 31120 PINSAGUEL (France)<\/p>\n\n\n\n<p>Directeur de publication : Madame Jo\u00eblle SERNY-VIDAL &#8211; ESPACE COCOONING.<\/p>\n\n\n\n<p>Pour toute question relative au Site, veuillez envoyer un e-mail \u00e0 l\u2019adresse \u00e9lectronique suivante : joellesernyvidal@gmail.com.<\/p>\n\n\n\n<p><\/p>\n\n\n\n<p class=\"has-text-align-center\"><strong>H\u00c9BERGEUR<\/strong><\/p>\n\n\n\n<p>Le Site est h\u00e9berg\u00e9 par la soci\u00e9t\u00e9 OVH, soci\u00e9t\u00e9 par actions simplifi\u00e9e :<br>\u2022 Adresse du si\u00e8ge social : 2 rue Kellermann, 59100 ROUBAIX (France)<br>\u2022 N\u00b0 d\u2019immatriculation : 424 761 419 00045 &#8211; RCS Lille M\u00e9tropole<br>\u2022 N\u00b0 TVA : FR 22 424 761 419<\/p>\n","protected":false},"excerpt":{"rendered":"<p>Derni\u00e8re mise \u00e0 jour : Janvier 2023 Sauf disposition contraire, les pr\u00e9sentes mentions l\u00e9gales sont applicables \u00e0 votre navigation sur le site Internet espacecocooning.fr. Veuillez noter que ce site est exclusivement destin\u00e9 \u00e0 un public fran\u00e7ais et\/ou situ\u00e9 en France. EDITEUR \u2013 CONTACT Le site Internet espacecocooning.fr (ci-apr\u00e8s le \u00ab\u00a0Site\u00a0\u00bb) est \u00e9dit\u00e9 par ESPACE COCOONING,<a href=\"https:\/\/espacecocooning.fr\/?page_id=818\">[&#8230;]<\/a><\/p>\n","protected":false},"author":1,"featured_media":0,"parent":0,"menu_order":0,"comment_status":"closed","ping_status":"closed","template":"","meta":{"_links_to":"","_links_to_target":""},"_links":{"self":[{"href":"https:\/\/espacecocooning.fr\/index.php?rest_route=\/wp\/v2\/pages\/818"}],"collection":[{"href":"https:\/\/espacecocooning.fr\/index.php?rest_route=\/wp\/v2\/pages"}],"about":[{"href":"https:\/\/espacecocooning.fr\/index.php?rest_route=\/wp\/v2\/types\/page"}],"author":[{"embeddable":true,"href":"https:\/\/espacecocooning.fr\/index.php?rest_route=\/wp\/v2\/users\/1"}],"replies":[{"embeddable":true,"href":"https:\/\/espacecocooning.fr\/index.php?rest_route=%2Fwp%2Fv2%2Fcomments&post=818"}],"version-history":[{"count":8,"href":"https:\/\/espacecocooning.fr\/index.php?rest_route=\/wp\/v2\/pages\/818\/revisions"}],"predecessor-version":[{"id":871,"href":"https:\/\/espacecocooning.fr\/index.php?rest_route=\/wp\/v2\/pages\/818\/revisions\/871"}],"wp:attachment":[{"href":"https:\/\/espacecocooning.fr\/index.php?rest_route=%2Fwp%2Fv2%2Fmedia&parent=818"}],"curies":[{"name":"wp","href":"https:\/\/api.w.org\/{rel}","templated":true}]}}